{"id":5495,"date":"2025-05-16T22:20:05","date_gmt":"2025-05-16T22:20:05","guid":{"rendered":"https:\/\/licenciastereo.com\/?post_type=product&#038;p=5495"},"modified":"2026-02-04T20:46:25","modified_gmt":"2026-02-04T20:46:25","slug":"norton-360-deluxe","status":"publish","type":"product","link":"https:\/\/licenciastereo.com\/en\/product\/norton-360-deluxe\/","title":{"rendered":"Norton 360 Deluxe"},"content":{"rendered":"<p data-sourcepos=\"1:1-1:248\">\u00a1Blinda tu mundo digital con Norton 360 Deluxe! En la jungla cibern\u00e9tica actual, necesitas m\u00e1s que un simple antivirus. Norton 360 Deluxe te ofrece una defensa integral y adaptable para protegerte a ti y a tu familia en todos vuestros dispositivos.<\/p>\n<p data-sourcepos=\"3:1-3:224\">Imagina la tranquilidad de saber que tus ordenadores, tablets y smartphones est\u00e1n protegidos contra virus, malware, ransomware y las \u00faltimas amenazas en l\u00ednea. Con Norton 360 Deluxe, esta paz mental es una realidad tangible.<\/p>\n<p data-sourcepos=\"5:1-5:43\"><strong>Descubre el poder de Norton 360 Deluxe:<\/strong><\/p>\n<ul data-sourcepos=\"7:1-14:0\">\n<li data-sourcepos=\"7:1-7:155\"><strong>Protecci\u00f3n Avanzada contra Amenazas:<\/strong> Defiende tus dispositivos contra virus, spyware, malware y ransomware, tanto amenazas conocidas como emergentes.<\/li>\n<li data-sourcepos=\"8:1-8:146\"><strong>Secure VPN:<\/strong> Navega de forma an\u00f3nima y segura en redes Wi-Fi p\u00fablicas, protegiendo tu informaci\u00f3n personal y bancaria de miradas indiscretas.<\/li>\n<li data-sourcepos=\"9:1-9:151\"><strong>Password Manager:<\/strong> Almacena y gestiona tus contrase\u00f1as de forma segura, facilitando el acceso a tus cuentas y fortaleciendo tu seguridad en l\u00ednea.<\/li>\n<li data-sourcepos=\"10:1-10:178\"><strong>PC Cloud Backup (50 GB):<\/strong> Protege tus archivos importantes contra la p\u00e9rdida de datos por fallos de disco duro, robo o ransomware, almacen\u00e1ndolos de forma segura en la nube.<\/li>\n<li data-sourcepos=\"11:1-11:144\"><strong>SafeCam para PC:<\/strong> Te alerta sobre cualquier intento de acceso no autorizado a tu webcam y te ayuda a bloquearlo, protegiendo tu privacidad.<\/li>\n<li data-sourcepos=\"12:1-12:137\"><strong>Parental Control:<\/strong> Supervisa y gestiona la actividad en l\u00ednea de tus hijos, ayud\u00e1ndoles a explorar el mundo digital de forma segura.<\/li>\n<li data-sourcepos=\"13:1-14:0\"><strong>Smart Firewall para PC:<\/strong> Monitorea la comunicaci\u00f3n entre tu ordenador y el mundo exterior, bloqueando el tr\u00e1fico no autorizado y protegiendo tu informaci\u00f3n personal.<\/li>\n<\/ul>\n<p data-sourcepos=\"15:1-15:198\"><strong>No esperes a ser v\u00edctima de un ciberataque.<\/strong> Fortalece tu seguridad digital hoy mismo con Norton 360 Deluxe y disfruta de la libertad de explorar, conectar y comprar en l\u00ednea con total confianza.<\/p>\n<p data-sourcepos=\"17:1-17:253\"><strong>\u00a1Protege a tu familia y tus dispositivos con Norton 360 Deluxe!<\/strong><\/p>\n<hr \/>\n<p><!-- BEGIN GENERATED FAQ --><\/p>\n<h2>FAQ<\/h2>\n<dl>\n<dt><strong>\u00bfNorton 360 Deluxe protege contra ransomware?<\/strong><\/dt>\n<dd>S\u00ed, Norton 360 Deluxe ofrece protecci\u00f3n avanzada contra ransomware, tanto amenazas conocidas como emergentes, manteniendo tus dispositivos seguros.<\/dd>\n<dt><strong>\u00bfIncluye una VPN para navegar de forma segura?<\/strong><\/dt>\n<dd>S\u00ed, incluye Secure VPN que te permite navegar de forma an\u00f3nima y segura, especialmente en redes Wi-Fi p\u00fablicas, protegiendo tu informaci\u00f3n personal.<\/dd>\n<dt><strong>\u00bfPuedo almacenar mis contrase\u00f1as de forma segura con este producto?<\/strong><\/dt>\n<dd>S\u00ed, Norton 360 Deluxe incluye un Password Manager que almacena y gestiona tus contrase\u00f1as de manera segura, facilitando el acceso a tus cuentas.<\/dd>\n<dt><strong>\u00bfOfrece respaldo en la nube para mis archivos importantes?<\/strong><\/dt>\n<dd>S\u00ed, incluye PC Cloud Backup con 50 GB de almacenamiento para proteger tus archivos contra p\u00e9rdida de datos, robo o ataques de ransomware.<\/dd>\n<dt><strong>\u00bfNorton 360 Deluxe protege todos mis dispositivos?<\/strong><\/dt>\n<dd>S\u00ed, protege ordenadores, tablets y smartphones, ofreciendo una defensa integral en todos tus dispositivos.<\/dd>\n<dt><strong>\u00bfPuedo usar Norton 360 Deluxe en m\u00e1s de un dispositivo?<\/strong><\/dt>\n<dd>S\u00ed, Norton 360 Deluxe est\u00e1 dise\u00f1ado para proteger m\u00faltiples dispositivos, brindando seguridad a toda tu familia.<\/dd>\n<\/dl>\n<p><!-- END GENERATED FAQ --><\/p>","protected":false},"excerpt":{"rendered":"<p>\u00a1Blinda tu mundo digital con Norton 360 Deluxe! En la jungla cibern\u00e9tica actual, necesitas m\u00e1s que un simple antivirus. Norton 360 Deluxe te ofrece una defensa integral y adaptable para protegerte a ti y a tu familia en todos vuestros dispositivos.<\/p>","protected":false},"featured_media":5496,"comment_status":"closed","ping_status":"closed","template":"","meta":{"_uag_custom_page_level_css":""},"product_brand":[],"product_cat":[175,193],"product_tag":[],"class_list":{"0":"post-5495","1":"product","2":"type-product","3":"status-publish","4":"has-post-thumbnail","6":"product_cat-antivirus","7":"product_cat-norton","8":"thunk-woo-product-list","9":"opn-qv-enable","10":"big-store-woo-hover-zoom","11":"open-single-product-tab-horizontal","12":"open-shadow-","13":"open-shadow-hover-","15":"first","16":"instock","17":"downloadable","18":"virtual","19":"purchasable","20":"product-type-simple"},"yoast_head":"<!-- This site is optimized with the Yoast SEO plugin v27.4 - https:\/\/yoast.com\/product\/yoast-seo-wordpress\/ -->\n<title>Norton 360 Deluxe<\/title>\n<meta name=\"description\" content=\"Norton 360 Deluxe: protecci\u00f3n total para ti y tu familia. Antivirus, VPN segura, gestor de contrase\u00f1as y m\u00e1s. \u00a1Navega con tranquilidad en todos tus dispositivos!\" \/>\n<meta name=\"robots\" content=\"index, follow, max-snippet:-1, max-image-preview:large, max-video-preview:-1\" \/>\n<link rel=\"canonical\" href=\"https:\/\/licenciastereo.com\/en\/product\/norton-360-deluxe\/\" \/>\n<meta property=\"og:locale\" content=\"en_US\" \/>\n<meta property=\"og:type\" content=\"article\" \/>\n<meta property=\"og:title\" content=\"Norton 360 Deluxe\" \/>\n<meta property=\"og:description\" content=\"Norton 360 Deluxe: protecci\u00f3n total para ti y tu familia. Antivirus, VPN segura, gestor de contrase\u00f1as y m\u00e1s. \u00a1Navega con tranquilidad en todos tus dispositivos!\" \/>\n<meta property=\"og:url\" content=\"https:\/\/licenciastereo.com\/en\/product\/norton-360-deluxe\/\" \/>\n<meta property=\"og:site_name\" content=\"Licenciastereo\" \/>\n<meta property=\"article:publisher\" content=\"https:\/\/www.facebook.com\/licenciastereo\" \/>\n<meta property=\"article:modified_time\" content=\"2026-02-04T20:46:25+00:00\" \/>\n<meta property=\"og:image\" content=\"https:\/\/licenciastereo.com\/wp-content\/uploads\/2025\/05\/88947778_6694653672.jpg\" \/>\n\t<meta property=\"og:image:width\" content=\"220\" \/>\n\t<meta property=\"og:image:height\" content=\"224\" \/>\n\t<meta property=\"og:image:type\" content=\"image\/jpeg\" \/>\n<meta name=\"twitter:card\" content=\"summary_large_image\" \/>\n<meta name=\"twitter:label1\" content=\"Est. reading time\" \/>\n\t<meta name=\"twitter:data1\" content=\"2 minutes\" \/>\n<script type=\"application\/ld+json\" class=\"yoast-schema-graph\">{\"@context\":\"https:\\\/\\\/schema.org\",\"@graph\":[{\"@type\":\"WebPage\",\"@id\":\"https:\\\/\\\/licenciastereo.com\\\/producto\\\/norton-360-deluxe\\\/\",\"url\":\"https:\\\/\\\/licenciastereo.com\\\/producto\\\/norton-360-deluxe\\\/\",\"name\":\"Norton 360 Deluxe\",\"isPartOf\":{\"@id\":\"https:\\\/\\\/licenciastereo.com\\\/#website\"},\"primaryImageOfPage\":{\"@id\":\"https:\\\/\\\/licenciastereo.com\\\/producto\\\/norton-360-deluxe\\\/#primaryimage\"},\"image\":{\"@id\":\"https:\\\/\\\/licenciastereo.com\\\/producto\\\/norton-360-deluxe\\\/#primaryimage\"},\"thumbnailUrl\":\"https:\\\/\\\/licenciastereo.com\\\/wp-content\\\/uploads\\\/2025\\\/05\\\/88947778_6694653672.jpg\",\"datePublished\":\"2025-05-16T22:20:05+00:00\",\"dateModified\":\"2026-02-04T20:46:25+00:00\",\"description\":\"Norton 360 Deluxe: protecci\u00f3n total para ti y tu familia. Antivirus, VPN segura, gestor de contrase\u00f1as y m\u00e1s. \u00a1Navega con tranquilidad en todos tus dispositivos!\",\"breadcrumb\":{\"@id\":\"https:\\\/\\\/licenciastereo.com\\\/producto\\\/norton-360-deluxe\\\/#breadcrumb\"},\"inLanguage\":\"en-US\",\"potentialAction\":[{\"@type\":\"ReadAction\",\"target\":[\"https:\\\/\\\/licenciastereo.com\\\/producto\\\/norton-360-deluxe\\\/\"]}]},{\"@type\":\"ImageObject\",\"inLanguage\":\"en-US\",\"@id\":\"https:\\\/\\\/licenciastereo.com\\\/producto\\\/norton-360-deluxe\\\/#primaryimage\",\"url\":\"https:\\\/\\\/licenciastereo.com\\\/wp-content\\\/uploads\\\/2025\\\/05\\\/88947778_6694653672.jpg\",\"contentUrl\":\"https:\\\/\\\/licenciastereo.com\\\/wp-content\\\/uploads\\\/2025\\\/05\\\/88947778_6694653672.jpg\",\"width\":220,\"height\":224,\"caption\":\"norton 360 deluxe\"},{\"@type\":\"BreadcrumbList\",\"@id\":\"https:\\\/\\\/licenciastereo.com\\\/producto\\\/norton-360-deluxe\\\/#breadcrumb\",\"itemListElement\":[{\"@type\":\"ListItem\",\"position\":1,\"name\":\"Inicio\",\"item\":\"https:\\\/\\\/licenciastereo.com\\\/\"},{\"@type\":\"ListItem\",\"position\":2,\"name\":\"Tienda\",\"item\":\"https:\\\/\\\/licenciastereo.com\\\/tienda\\\/\"},{\"@type\":\"ListItem\",\"position\":3,\"name\":\"Norton 360 Deluxe\"}]},{\"@type\":\"WebSite\",\"@id\":\"https:\\\/\\\/licenciastereo.com\\\/#website\",\"url\":\"https:\\\/\\\/licenciastereo.com\\\/\",\"name\":\"Licenciastereo\",\"description\":\"Todo tipo de licencias\",\"publisher\":{\"@id\":\"https:\\\/\\\/licenciastereo.com\\\/#organization\"},\"potentialAction\":[{\"@type\":\"SearchAction\",\"target\":{\"@type\":\"EntryPoint\",\"urlTemplate\":\"https:\\\/\\\/licenciastereo.com\\\/?s={search_term_string}\"},\"query-input\":{\"@type\":\"PropertyValueSpecification\",\"valueRequired\":true,\"valueName\":\"search_term_string\"}}],\"inLanguage\":\"en-US\"},{\"@type\":\"Organization\",\"@id\":\"https:\\\/\\\/licenciastereo.com\\\/#organization\",\"name\":\"Licenciastereo\",\"url\":\"https:\\\/\\\/licenciastereo.com\\\/\",\"logo\":{\"@type\":\"ImageObject\",\"inLanguage\":\"en-US\",\"@id\":\"https:\\\/\\\/licenciastereo.com\\\/#\\\/schema\\\/logo\\\/image\\\/\",\"url\":\"https:\\\/\\\/licenciastereo.com\\\/wp-content\\\/uploads\\\/2024\\\/07\\\/El-texto-del-parrafo-6.png\",\"contentUrl\":\"https:\\\/\\\/licenciastereo.com\\\/wp-content\\\/uploads\\\/2024\\\/07\\\/El-texto-del-parrafo-6.png\",\"width\":500,\"height\":500,\"caption\":\"Licenciastereo\"},\"image\":{\"@id\":\"https:\\\/\\\/licenciastereo.com\\\/#\\\/schema\\\/logo\\\/image\\\/\"},\"sameAs\":[\"https:\\\/\\\/www.facebook.com\\\/licenciastereo\",\"https:\\\/\\\/www.instagram.com\\\/licenciastereo\\\/\"]}]}<\/script>\n<!-- \/ Yoast SEO plugin. -->","yoast_head_json":{"title":"Norton 360 Deluxe","description":"Norton 360 Deluxe: protecci\u00f3n total para ti y tu familia. Antivirus, VPN segura, gestor de contrase\u00f1as y m\u00e1s. \u00a1Navega con tranquilidad en todos tus dispositivos!","robots":{"index":"index","follow":"follow","max-snippet":"max-snippet:-1","max-image-preview":"max-image-preview:large","max-video-preview":"max-video-preview:-1"},"canonical":"https:\/\/licenciastereo.com\/en\/product\/norton-360-deluxe\/","og_locale":"en_US","og_type":"article","og_title":"Norton 360 Deluxe","og_description":"Norton 360 Deluxe: protecci\u00f3n total para ti y tu familia. Antivirus, VPN segura, gestor de contrase\u00f1as y m\u00e1s. \u00a1Navega con tranquilidad en todos tus dispositivos!","og_url":"https:\/\/licenciastereo.com\/en\/product\/norton-360-deluxe\/","og_site_name":"Licenciastereo","article_publisher":"https:\/\/www.facebook.com\/licenciastereo","article_modified_time":"2026-02-04T20:46:25+00:00","og_image":[{"width":220,"height":224,"url":"https:\/\/licenciastereo.com\/wp-content\/uploads\/2025\/05\/88947778_6694653672.jpg","type":"image\/jpeg"}],"twitter_card":"summary_large_image","twitter_misc":{"Est. reading time":"2 minutes"},"schema":{"@context":"https:\/\/schema.org","@graph":[{"@type":"WebPage","@id":"https:\/\/licenciastereo.com\/producto\/norton-360-deluxe\/","url":"https:\/\/licenciastereo.com\/producto\/norton-360-deluxe\/","name":"Norton 360 Deluxe","isPartOf":{"@id":"https:\/\/licenciastereo.com\/#website"},"primaryImageOfPage":{"@id":"https:\/\/licenciastereo.com\/producto\/norton-360-deluxe\/#primaryimage"},"image":{"@id":"https:\/\/licenciastereo.com\/producto\/norton-360-deluxe\/#primaryimage"},"thumbnailUrl":"https:\/\/licenciastereo.com\/wp-content\/uploads\/2025\/05\/88947778_6694653672.jpg","datePublished":"2025-05-16T22:20:05+00:00","dateModified":"2026-02-04T20:46:25+00:00","description":"Norton 360 Deluxe: protecci\u00f3n total para ti y tu familia. Antivirus, VPN segura, gestor de contrase\u00f1as y m\u00e1s. \u00a1Navega con tranquilidad en todos tus dispositivos!","breadcrumb":{"@id":"https:\/\/licenciastereo.com\/producto\/norton-360-deluxe\/#breadcrumb"},"inLanguage":"en-US","potentialAction":[{"@type":"ReadAction","target":["https:\/\/licenciastereo.com\/producto\/norton-360-deluxe\/"]}]},{"@type":"ImageObject","inLanguage":"en-US","@id":"https:\/\/licenciastereo.com\/producto\/norton-360-deluxe\/#primaryimage","url":"https:\/\/licenciastereo.com\/wp-content\/uploads\/2025\/05\/88947778_6694653672.jpg","contentUrl":"https:\/\/licenciastereo.com\/wp-content\/uploads\/2025\/05\/88947778_6694653672.jpg","width":220,"height":224,"caption":"norton 360 deluxe"},{"@type":"BreadcrumbList","@id":"https:\/\/licenciastereo.com\/producto\/norton-360-deluxe\/#breadcrumb","itemListElement":[{"@type":"ListItem","position":1,"name":"Inicio","item":"https:\/\/licenciastereo.com\/"},{"@type":"ListItem","position":2,"name":"Tienda","item":"https:\/\/licenciastereo.com\/tienda\/"},{"@type":"ListItem","position":3,"name":"Norton 360 Deluxe"}]},{"@type":"WebSite","@id":"https:\/\/licenciastereo.com\/#website","url":"https:\/\/licenciastereo.com\/","name":"Licenciastereo","description":"Todo tipo de licencias","publisher":{"@id":"https:\/\/licenciastereo.com\/#organization"},"potentialAction":[{"@type":"SearchAction","target":{"@type":"EntryPoint","urlTemplate":"https:\/\/licenciastereo.com\/?s={search_term_string}"},"query-input":{"@type":"PropertyValueSpecification","valueRequired":true,"valueName":"search_term_string"}}],"inLanguage":"en-US"},{"@type":"Organization","@id":"https:\/\/licenciastereo.com\/#organization","name":"Licenciastereo","url":"https:\/\/licenciastereo.com\/","logo":{"@type":"ImageObject","inLanguage":"en-US","@id":"https:\/\/licenciastereo.com\/#\/schema\/logo\/image\/","url":"https:\/\/licenciastereo.com\/wp-content\/uploads\/2024\/07\/El-texto-del-parrafo-6.png","contentUrl":"https:\/\/licenciastereo.com\/wp-content\/uploads\/2024\/07\/El-texto-del-parrafo-6.png","width":500,"height":500,"caption":"Licenciastereo"},"image":{"@id":"https:\/\/licenciastereo.com\/#\/schema\/logo\/image\/"},"sameAs":["https:\/\/www.facebook.com\/licenciastereo","https:\/\/www.instagram.com\/licenciastereo\/"]}]}},"uagb_featured_image_src":{"full":["https:\/\/licenciastereo.com\/wp-content\/uploads\/2025\/05\/88947778_6694653672.jpg",220,224,false],"thumbnail":["https:\/\/licenciastereo.com\/wp-content\/uploads\/2025\/05\/88947778_6694653672-150x150.jpg",150,150,true],"medium":["https:\/\/licenciastereo.com\/wp-content\/uploads\/2025\/05\/88947778_6694653672.jpg",220,224,false],"medium_large":["https:\/\/licenciastereo.com\/wp-content\/uploads\/2025\/05\/88947778_6694653672.jpg",220,224,false],"large":["https:\/\/licenciastereo.com\/wp-content\/uploads\/2025\/05\/88947778_6694653672.jpg",220,224,false],"1536x1536":["https:\/\/licenciastereo.com\/wp-content\/uploads\/2025\/05\/88947778_6694653672.jpg",220,224,false],"2048x2048":["https:\/\/licenciastereo.com\/wp-content\/uploads\/2025\/05\/88947778_6694653672.jpg",220,224,false],"trp-custom-language-flag":["https:\/\/licenciastereo.com\/wp-content\/uploads\/2025\/05\/88947778_6694653672-12x12.jpg",12,12,true],"woocommerce_thumbnail":["https:\/\/licenciastereo.com\/wp-content\/uploads\/2025\/05\/88947778_6694653672.jpg",220,224,false],"woocommerce_single":["https:\/\/licenciastereo.com\/wp-content\/uploads\/2025\/05\/88947778_6694653672.jpg",220,224,false],"woocommerce_gallery_thumbnail":["https:\/\/licenciastereo.com\/wp-content\/uploads\/2025\/05\/88947778_6694653672-100x100.jpg",100,100,true],"thaps-thumb-img":["https:\/\/licenciastereo.com\/wp-content\/uploads\/2025\/05\/88947778_6694653672-48x49.jpg",48,49,true],"taiowc-thumb-img":["https:\/\/licenciastereo.com\/wp-content\/uploads\/2025\/05\/88947778_6694653672-48x49.jpg",48,49,true]},"uagb_author_info":{"display_name":"stereo","author_link":"https:\/\/licenciastereo.com\/en\/author\/"},"uagb_comment_info":0,"uagb_excerpt":"\u00a1Blinda tu mundo digital con Norton 360 Deluxe! En la jungla cibern\u00e9tica actual, necesitas m\u00e1s que un simple antivirus. Norton 360 Deluxe te ofrece una defensa integral y adaptable para protegerte a ti y a tu familia en todos vuestros dispositivos.","_links":{"self":[{"href":"https:\/\/licenciastereo.com\/en\/wp-json\/wp\/v2\/product\/5495","targetHints":{"allow":["GET"]}}],"collection":[{"href":"https:\/\/licenciastereo.com\/en\/wp-json\/wp\/v2\/product"}],"about":[{"href":"https:\/\/licenciastereo.com\/en\/wp-json\/wp\/v2\/types\/product"}],"replies":[{"embeddable":true,"href":"https:\/\/licenciastereo.com\/en\/wp-json\/wp\/v2\/comments?post=5495"}],"wp:featuredmedia":[{"embeddable":true,"href":"https:\/\/licenciastereo.com\/en\/wp-json\/wp\/v2\/media\/5496"}],"wp:attachment":[{"href":"https:\/\/licenciastereo.com\/en\/wp-json\/wp\/v2\/media?parent=5495"}],"wp:term":[{"taxonomy":"product_brand","embeddable":true,"href":"https:\/\/licenciastereo.com\/en\/wp-json\/wp\/v2\/product_brand?post=5495"},{"taxonomy":"product_cat","embeddable":true,"href":"https:\/\/licenciastereo.com\/en\/wp-json\/wp\/v2\/product_cat?post=5495"},{"taxonomy":"product_tag","embeddable":true,"href":"https:\/\/licenciastereo.com\/en\/wp-json\/wp\/v2\/product_tag?post=5495"}],"curies":[{"name":"wp","href":"https:\/\/api.w.org\/{rel}","templated":true}]}}