{"id":4462,"date":"2023-10-06T02:38:04","date_gmt":"2023-10-06T02:38:04","guid":{"rendered":"https:\/\/licenciastereo.com\/politica_de_privacidad\/"},"modified":"2025-10-27T20:30:27","modified_gmt":"2025-10-27T20:30:27","slug":"politica-de-privacidad","status":"publish","type":"page","link":"https:\/\/licenciastereo.com\/en\/politica-de-privacidad\/","title":{"rendered":"Politica de Privacidad"},"content":{"rendered":"<div class=\"wp-block-uagb-container uagb-block-fwe87q6m alignfull uagb-is-root-container\"><div class=\"uagb-container-inner-blocks-wrap\">\n<div class=\"wp-block-uagb-info-box uagb-block-8dkogjqh uagb-infobox__content-wrap  uagb-infobox-icon-above-title uagb-infobox-image-valign-top\"><div class=\"uagb-ifb-content\"><div class=\"uagb-ifb-title-wrap\"><h1 class=\"uagb-ifb-title\">Politica de Privacidad<\/h1><\/div><\/div><\/div>\n<\/div><\/div>\n\n\n\n<div class=\"wp-block-uagb-container uagb-block-mnkq5kjs alignfull uagb-is-root-container\"><div class=\"uagb-container-inner-blocks-wrap\">\n<div class=\"wp-block-uagb-info-box uagb-block-bvsblvsu uagb-infobox__content-wrap  uagb-infobox-icon-above-title uagb-infobox-image-valign-top\"><div class=\"uagb-ifb-content\"><div class=\"uagb-ifb-title-wrap\"><h2 class=\"uagb-ifb-title\">Quienes somos<br><\/h2><\/div><\/div><\/div>\n\n\n\n<div class=\"wp-block-uagb-container uagb-block-7bw1phlt\">\n<div class=\"wp-block-uagb-info-box uagb-block-zx1pnfip uagb-infobox__content-wrap  uagb-infobox-icon-above-title uagb-infobox-image-valign-top\"><div class=\"uagb-ifb-content\"><div class=\"uagb-ifb-title-wrap\"><\/div><p class=\"uagb-ifb-desc\">La direcci\u00f3n de nuestro sitio web es: https:\/\/licenciastereo.com.<br><br><br>En Licenciastereo, la privacidad de nuestros usuarios es de suma importancia para nosotros. Esta Pol\u00edtica de Privacidad describe c\u00f3mo recopilamos, utilizamos, divulgamos, transferimos y almacenamos su informaci\u00f3n personal cuando utiliza nuestros servicios en l\u00ednea. Al acceder y utilizar nuestro sitio web, usted acepta los t\u00e9rminos y condiciones de esta Pol\u00edtica de Privacidad.<br><br><strong>Recopilaci\u00f3n de informaci\u00f3n<\/strong><br>Cuando visita nuestro sitio web, podemos recopilar cierta informaci\u00f3n de forma autom\u00e1tica, como su direcci\u00f3n IP, tipo de navegador, p\u00e1ginas vistas y la duraci\u00f3n de su visita. Adem\u00e1s, si decide registrarse en nuestro sitio web, podemos recopilar informaci\u00f3n personal, como su nombre, direcci\u00f3n de correo electr\u00f3nico y n\u00famero de tel\u00e9fono.<br><br><strong>Uso de la informaci\u00f3n<\/strong><br>Utilizamos la informaci\u00f3n que recopilamos para proporcionar y mejorar nuestros servicios. Esto puede incluir personalizar el contenido que se muestra, mejorar la seguridad de nuestro sitio web, realizar an\u00e1lisis estad\u00edsticos y enviarle comunicaciones relacionadas con su cuenta.<br><br><strong>Divulgaci\u00f3n de la informaci\u00f3n<\/strong><br>Podemos compartir su informaci\u00f3n personal con terceros en ciertas circunstancias, como cuando sea necesario para cumplir con la ley, proteger nuestros derechos legales o investigar actividades sospechosas. Tambi\u00e9n podemos compartir su informaci\u00f3n con proveedores de servicios externos que nos ayudan a operar nuestro sitio web y brindarle nuestros servicios.<br><br><strong>Seguridad de la informaci\u00f3n<\/strong><br>Nos esforzamos por mantener la seguridad de su informaci\u00f3n personal y hemos implementado medidas t\u00e9cnicas y organizativas para protegerla contra el acceso no autorizado, la divulgaci\u00f3n, el uso indebido y la alteraci\u00f3n. Sin embargo, tenga en cuenta que ninguna transmisi\u00f3n de datos a trav\u00e9s de Internet o cualquier m\u00e9todo de almacenamiento electr\u00f3nico es 100% seguro.<br><br><strong>Cambios a esta pol\u00edtica de privacidad<\/strong><br>Podemos actualizar esta Pol\u00edtica de Privacidad peri\u00f3dicamente para reflejar cambios en nuestras pr\u00e1cticas de privacidad. Le recomendamos que revise esta p\u00e1gina de vez en cuando para estar al tanto de cualquier cambio. El uso continuado de nuestro sitio web despu\u00e9s de la publicaci\u00f3n de cambios en esta Pol\u00edtica de Privacidad constituir\u00e1 su aceptaci\u00f3n de dichos cambios.<br><br>Si tiene alguna pregunta o inquietud sobre nuestra Pol\u00edtica de Privacidad, no dude en contactarnos a trav\u00e9s de nuestra p\u00e1gina de contacto.<br>\u00a1Gracias por elegir Licenciastereo!<br><br><\/p><\/div><\/div>\n<\/div>\n<\/div><\/div>","protected":false},"excerpt":{"rendered":"","protected":false},"author":1,"featured_media":0,"parent":0,"menu_order":0,"comment_status":"closed","ping_status":"closed","template":"","meta":{"_uag_custom_page_level_css":"","footnotes":""},"class_list":["post-4462","page","type-page","status-publish","hentry","thunk-woo-product-list","opn-qv-enable","big-store-woo-hover-zoom","open-single-product-tab-horizontal","open-shadow-","open-shadow-hover-"],"yoast_head":"<!-- This site is optimized with the Yoast SEO plugin v27.5 - https:\/\/yoast.com\/product\/yoast-seo-wordpress\/ -->\n<title>Politica de Privacidad<\/title>\n<meta name=\"robots\" content=\"index, follow, max-snippet:-1, max-image-preview:large, max-video-preview:-1\" \/>\n<link rel=\"canonical\" href=\"https:\/\/licenciastereo.com\/en\/politica-de-privacidad\/\" \/>\n<meta property=\"og:locale\" content=\"en_US\" \/>\n<meta property=\"og:type\" content=\"article\" \/>\n<meta property=\"og:title\" content=\"Politica de Privacidad\" \/>\n<meta property=\"og:url\" content=\"https:\/\/licenciastereo.com\/en\/politica-de-privacidad\/\" \/>\n<meta property=\"og:site_name\" content=\"Licenciastereo\" \/>\n<meta property=\"article:publisher\" content=\"https:\/\/www.facebook.com\/licenciastereo\" \/>\n<meta property=\"article:modified_time\" content=\"2025-10-27T20:30:27+00:00\" \/>\n<meta name=\"twitter:card\" content=\"summary_large_image\" \/>\n<meta name=\"twitter:label1\" content=\"Est. reading time\" \/>\n\t<meta name=\"twitter:data1\" content=\"2 minutes\" \/>\n<script type=\"application\/ld+json\" class=\"yoast-schema-graph\">{\"@context\":\"https:\\\/\\\/schema.org\",\"@graph\":[{\"@type\":\"WebPage\",\"@id\":\"https:\\\/\\\/licenciastereo.com\\\/politica-de-privacidad\\\/\",\"url\":\"https:\\\/\\\/licenciastereo.com\\\/politica-de-privacidad\\\/\",\"name\":\"Politica de Privacidad\",\"isPartOf\":{\"@id\":\"https:\\\/\\\/licenciastereo.com\\\/#website\"},\"datePublished\":\"2023-10-06T02:38:04+00:00\",\"dateModified\":\"2025-10-27T20:30:27+00:00\",\"breadcrumb\":{\"@id\":\"https:\\\/\\\/licenciastereo.com\\\/politica-de-privacidad\\\/#breadcrumb\"},\"inLanguage\":\"en-US\",\"potentialAction\":[{\"@type\":\"ReadAction\",\"target\":[\"https:\\\/\\\/licenciastereo.com\\\/politica-de-privacidad\\\/\"]}]},{\"@type\":\"BreadcrumbList\",\"@id\":\"https:\\\/\\\/licenciastereo.com\\\/politica-de-privacidad\\\/#breadcrumb\",\"itemListElement\":[{\"@type\":\"ListItem\",\"position\":1,\"name\":\"Inicio\",\"item\":\"https:\\\/\\\/licenciastereo.com\\\/\"},{\"@type\":\"ListItem\",\"position\":2,\"name\":\"Politica de Privacidad\"}]},{\"@type\":\"WebSite\",\"@id\":\"https:\\\/\\\/licenciastereo.com\\\/#website\",\"url\":\"https:\\\/\\\/licenciastereo.com\\\/\",\"name\":\"Licenciastereo\",\"description\":\"Todo tipo de licencias\",\"publisher\":{\"@id\":\"https:\\\/\\\/licenciastereo.com\\\/#organization\"},\"potentialAction\":[{\"@type\":\"SearchAction\",\"target\":{\"@type\":\"EntryPoint\",\"urlTemplate\":\"https:\\\/\\\/licenciastereo.com\\\/?s={search_term_string}\"},\"query-input\":{\"@type\":\"PropertyValueSpecification\",\"valueRequired\":true,\"valueName\":\"search_term_string\"}}],\"inLanguage\":\"en-US\"},{\"@type\":\"Organization\",\"@id\":\"https:\\\/\\\/licenciastereo.com\\\/#organization\",\"name\":\"Licenciastereo\",\"url\":\"https:\\\/\\\/licenciastereo.com\\\/\",\"logo\":{\"@type\":\"ImageObject\",\"inLanguage\":\"en-US\",\"@id\":\"https:\\\/\\\/licenciastereo.com\\\/#\\\/schema\\\/logo\\\/image\\\/\",\"url\":\"https:\\\/\\\/licenciastereo.com\\\/wp-content\\\/uploads\\\/2024\\\/07\\\/El-texto-del-parrafo-6.png\",\"contentUrl\":\"https:\\\/\\\/licenciastereo.com\\\/wp-content\\\/uploads\\\/2024\\\/07\\\/El-texto-del-parrafo-6.png\",\"width\":500,\"height\":500,\"caption\":\"Licenciastereo\"},\"image\":{\"@id\":\"https:\\\/\\\/licenciastereo.com\\\/#\\\/schema\\\/logo\\\/image\\\/\"},\"sameAs\":[\"https:\\\/\\\/www.facebook.com\\\/licenciastereo\",\"https:\\\/\\\/www.instagram.com\\\/licenciastereo\\\/\"]}]}<\/script>\n<!-- \/ Yoast SEO plugin. -->","yoast_head_json":{"title":"Politica de Privacidad","robots":{"index":"index","follow":"follow","max-snippet":"max-snippet:-1","max-image-preview":"max-image-preview:large","max-video-preview":"max-video-preview:-1"},"canonical":"https:\/\/licenciastereo.com\/en\/politica-de-privacidad\/","og_locale":"en_US","og_type":"article","og_title":"Politica de Privacidad","og_url":"https:\/\/licenciastereo.com\/en\/politica-de-privacidad\/","og_site_name":"Licenciastereo","article_publisher":"https:\/\/www.facebook.com\/licenciastereo","article_modified_time":"2025-10-27T20:30:27+00:00","twitter_card":"summary_large_image","twitter_misc":{"Est. reading time":"2 minutes"},"schema":{"@context":"https:\/\/schema.org","@graph":[{"@type":"WebPage","@id":"https:\/\/licenciastereo.com\/politica-de-privacidad\/","url":"https:\/\/licenciastereo.com\/politica-de-privacidad\/","name":"Politica de Privacidad","isPartOf":{"@id":"https:\/\/licenciastereo.com\/#website"},"datePublished":"2023-10-06T02:38:04+00:00","dateModified":"2025-10-27T20:30:27+00:00","breadcrumb":{"@id":"https:\/\/licenciastereo.com\/politica-de-privacidad\/#breadcrumb"},"inLanguage":"en-US","potentialAction":[{"@type":"ReadAction","target":["https:\/\/licenciastereo.com\/politica-de-privacidad\/"]}]},{"@type":"BreadcrumbList","@id":"https:\/\/licenciastereo.com\/politica-de-privacidad\/#breadcrumb","itemListElement":[{"@type":"ListItem","position":1,"name":"Inicio","item":"https:\/\/licenciastereo.com\/"},{"@type":"ListItem","position":2,"name":"Politica de Privacidad"}]},{"@type":"WebSite","@id":"https:\/\/licenciastereo.com\/#website","url":"https:\/\/licenciastereo.com\/","name":"Licenciastereo","description":"Todo tipo de licencias","publisher":{"@id":"https:\/\/licenciastereo.com\/#organization"},"potentialAction":[{"@type":"SearchAction","target":{"@type":"EntryPoint","urlTemplate":"https:\/\/licenciastereo.com\/?s={search_term_string}"},"query-input":{"@type":"PropertyValueSpecification","valueRequired":true,"valueName":"search_term_string"}}],"inLanguage":"en-US"},{"@type":"Organization","@id":"https:\/\/licenciastereo.com\/#organization","name":"Licenciastereo","url":"https:\/\/licenciastereo.com\/","logo":{"@type":"ImageObject","inLanguage":"en-US","@id":"https:\/\/licenciastereo.com\/#\/schema\/logo\/image\/","url":"https:\/\/licenciastereo.com\/wp-content\/uploads\/2024\/07\/El-texto-del-parrafo-6.png","contentUrl":"https:\/\/licenciastereo.com\/wp-content\/uploads\/2024\/07\/El-texto-del-parrafo-6.png","width":500,"height":500,"caption":"Licenciastereo"},"image":{"@id":"https:\/\/licenciastereo.com\/#\/schema\/logo\/image\/"},"sameAs":["https:\/\/www.facebook.com\/licenciastereo","https:\/\/www.instagram.com\/licenciastereo\/"]}]}},"uagb_featured_image_src":{"full":false,"thumbnail":false,"medium":false,"medium_large":false,"large":false,"1536x1536":false,"2048x2048":false,"trp-custom-language-flag":false,"woocommerce_thumbnail":false,"woocommerce_single":false,"woocommerce_gallery_thumbnail":false,"thaps-thumb-img":false,"taiowc-thumb-img":false},"uagb_author_info":{"display_name":"stereo","author_link":"https:\/\/licenciastereo.com\/en\/author\/stereo\/"},"uagb_comment_info":0,"uagb_excerpt":null,"_links":{"self":[{"href":"https:\/\/licenciastereo.com\/en\/wp-json\/wp\/v2\/pages\/4462","targetHints":{"allow":["GET"]}}],"collection":[{"href":"https:\/\/licenciastereo.com\/en\/wp-json\/wp\/v2\/pages"}],"about":[{"href":"https:\/\/licenciastereo.com\/en\/wp-json\/wp\/v2\/types\/page"}],"author":[{"embeddable":true,"href":"https:\/\/licenciastereo.com\/en\/wp-json\/wp\/v2\/users\/1"}],"replies":[{"embeddable":true,"href":"https:\/\/licenciastereo.com\/en\/wp-json\/wp\/v2\/comments?post=4462"}],"version-history":[{"count":1,"href":"https:\/\/licenciastereo.com\/en\/wp-json\/wp\/v2\/pages\/4462\/revisions"}],"predecessor-version":[{"id":9255,"href":"https:\/\/licenciastereo.com\/en\/wp-json\/wp\/v2\/pages\/4462\/revisions\/9255"}],"wp:attachment":[{"href":"https:\/\/licenciastereo.com\/en\/wp-json\/wp\/v2\/media?parent=4462"}],"curies":[{"name":"wp","href":"https:\/\/api.w.org\/{rel}","templated":true}]}}