{"id":43,"date":"2017-12-17T10:06:43","date_gmt":"2017-12-17T10:06:43","guid":{"rendered":"https:\/\/licenciastereo.com\/sobre-nosotros\/"},"modified":"2025-11-06T15:26:12","modified_gmt":"2025-11-06T15:26:12","slug":"sobre-nosotros","status":"publish","type":"page","link":"https:\/\/licenciastereo.com\/en\/sobre-nosotros\/","title":{"rendered":"Sobre Nosotros"},"content":{"rendered":"<div class=\"wp-block-uagb-container uagb-block-n3klm4ye alignfull uagb-is-root-container\"><div class=\"uagb-container-inner-blocks-wrap\">\n<div class=\"wp-block-uagb-info-box uagb-block-r5zwjphc uagb-infobox__content-wrap  uagb-infobox-icon-above-title uagb-infobox-image-valign-top\"><div class=\"uagb-ifb-content\"><div class=\"uagb-ifb-title-wrap\"><h1 class=\"uagb-ifb-title\">Sobre Nosotros<\/h1><\/div><p class=\"uagb-ifb-desc\"><br>Descubre nuestra historia<\/p><\/div><\/div>\n<\/div><\/div>\n\n\n\n<div class=\"wp-block-uagb-container uagb-block-w0mjp1g1 alignfull uagb-is-root-container\"><div class=\"uagb-container-inner-blocks-wrap\">\n<div class=\"wp-block-uagb-container uagb-block-gyhjl4xt\">\n<div class=\"wp-block-uagb-info-box uagb-block-ctgbcoal uagb-infobox__content-wrap  uagb-infobox-icon-above-title uagb-infobox-image-valign-top wp-block-uagb-info-box--has-margin\"><div class=\"uagb-infobox-margin-wrapper\"><div class=\"uagb-ifb-content\"><div class=\"uagb-ifb-title-wrap\"><\/div><p class=\"uagb-ifb-desc\">En <strong>Licencia Stereo<\/strong>, entendemos que la eficiencia y la seguridad digital son fundamentales en el mundo actual. Nacimos con una misi\u00f3n clara: <strong>simplificar el acceso a licencias de software 100% originales y leg\u00edtimas<\/strong> para que tanto particulares como empresas puedan trabajar sin l\u00edmites y con total tranquilidad.<br><br>Somos m\u00e1s que una tienda en l\u00ednea; somos tu <strong>socio tecnol\u00f3gico<\/strong> comprometido con la legalidad y la calidad.<br><br><strong>\u00bfQu\u00e9 nos hace diferentes?<\/strong><br><br><strong>Legitimidad Garantizada:<\/strong> Solo vendemos claves Retail y OEM verificadas, asegurando la activaci\u00f3n y el funcionamiento de por vida de tu software.<br><br><strong>Entrega Inmediata:<\/strong> Recibe tu licencia directamente en tu correo electr\u00f3nico en segundos. \u00a1Tu productividad no puede esperar!<br><br><strong>Soporte Humano 24\/7:<\/strong> Nuestro equipo t\u00e9cnico est\u00e1 siempre disponible para asistirte con la instalaci\u00f3n y cualquier duda que tengas, a cualquier hora del d\u00eda.<br><br>Conf\u00eda en <strong>LicenciaStereo<\/strong> para equipar tu PC con los mejores programas de Microsoft, Adobe, Antivirus y mucho m\u00e1s. La excelencia digital comienza aqu\u00ed.\u00bb<\/p><\/div><\/div><\/div>\n\n\n\n<div class=\"wp-block-uagb-image alignleft uagb-block-ce7bwofz wp-block-uagb-image--layout-default wp-block-uagb-image--effect-static wp-block-uagb-image--align-left\"><figure class=\"wp-block-uagb-image__figure\"><img decoding=\"async\" srcset=\"https:\/\/licenciastereo.com\/wp-content\/uploads\/2020\/07\/p11-1-1024x400.jpg ,https:\/\/licenciastereo.com\/wp-content\/uploads\/2020\/07\/p11-1.jpg 780w, https:\/\/licenciastereo.com\/wp-content\/uploads\/2020\/07\/p11-1.jpg 360w\" sizes=\"auto, (max-width: 480px) 150px\" src=\"https:\/\/licenciastereo.com\/wp-content\/uploads\/2020\/07\/p11-1-1024x400.jpg\" alt=\"\" class=\"uag-image-377\" width=\"564\" height=\"376\" title=\"p11 (1)\" loading=\"lazy\" role=\"img\"\/><\/figure><\/div>\n<\/div>\n<\/div><\/div>\n\n\n\n<div class=\"wp-block-uagb-container uagb-block-zbyl3hir alignfull uagb-is-root-container\"><div class=\"uagb-container-inner-blocks-wrap\">\n<div class=\"wp-block-uagb-star-rating uagb-block-abalfi9g\"><div class=\"uag-star-rating\" title=\"5\/5\"><span class=\"uag-star\">\u2605<\/span><span class=\"uag-star\">\u2605<\/span><span class=\"uag-star\">\u2605<\/span><span class=\"uag-star\">\u2605<\/span><span class=\"uag-star\">\u2605<\/span><\/div><\/div>\n\n\n\n<div class=\"wp-block-uagb-info-box uagb-block-cmmcihjl uagb-infobox__content-wrap  uagb-infobox-icon-above-title uagb-infobox-image-valign-top\"><div class=\"uagb-ifb-content\"><div class=\"uagb-ifb-title-wrap\"><h4 class=\"uagb-ifb-title\">Necesitaba Windows 11 para mi nuevo PC urgente y la consegu\u00ed aqu\u00ed. La clave me lleg\u00f3 al correo <strong>literalmente en menos de cinco minutos<\/strong> y funcion\u00f3 a la perfecci\u00f3n. El proceso fue s\u00faper sencillo y sin complicaciones. <strong>\u00a1Servicio 10\/10!<\/strong> Recomendados 100% por mi padre.<\/h4><\/div><\/div><\/div>\n\n\n\n<div class=\"wp-block-uagb-info-box uagb-block-omuq8fwa uagb-infobox__content-wrap  uagb-infobox-icon-above-title uagb-infobox-image-valign-top\"><div class=\"uagb-ifb-content\"><div class=\"uagb-ifb-image-content\"><img decoding=\"async\" src=\"https:\/\/licenciastereo.com\/wp-content\/uploads\/2025\/11\/testimonial-skip-01.jpg\" alt=\"\" width=\"48\" height=\"48\" loading=\"lazy\"\/><\/div><div class=\"uagb-ifb-title-wrap\"><p class=\"uagb-ifb-title\">Julio Ram\u00edrez (Caracas, Venezuela)<\/p><\/div><\/div><\/div>\n<\/div><\/div>\n\n\n\n<div class=\"wp-block-uagb-container uagb-block-jpnbtyxp alignfull uagb-is-root-container\"><div class=\"uagb-container-inner-blocks-wrap\">\n<div class=\"wp-block-uagb-container uagb-block-edkdojby\">\n<div class=\"wp-block-uagb-info-box uagb-block-3hnmvchh uagb-infobox__content-wrap  uagb-infobox-icon-above-title uagb-infobox-image-valign-top\"><div class=\"uagb-ifb-content\"><div class=\"uagb-ifb-title-wrap\"><h2 class=\"uagb-ifb-title\">Que los n\u00fameros hablen por s\u00ed solos.<br><\/h2><\/div><\/div><\/div>\n\n\n\n<div class=\"wp-block-uagb-info-box uagb-block-mlbf2sj4 uagb-infobox__content-wrap  uagb-infobox-icon-above-title uagb-infobox-image-valign-top\"><div class=\"uagb-ifb-content\"><div class=\"uagb-ifb-title-wrap\"><\/div><p class=\"uagb-ifb-desc\">Nuestros logros reflejan nuestro compromiso.<\/p><\/div><\/div>\n<\/div>\n\n\n\n<div class=\"wp-block-uagb-container uagb-block-hyr8l2zh\">\n<div class=\"wp-block-uagb-info-box uagb-block-qtiaxdii uagb-infobox__content-wrap  uagb-infobox-icon-above-title uagb-infobox-image-valign-top\"><div class=\"uagb-ifb-content\"><div class=\"uagb-ifb-title-wrap\"><h3 class=\"uagb-ifb-title\">2000+<\/h3><\/div><p class=\"uagb-ifb-desc\">M\u00e1s de 2000 clientes satisfechos.<br><\/p><\/div><\/div>\n\n\n\n<div class=\"wp-block-uagb-info-box uagb-block-3o07hvgv uagb-infobox__content-wrap  uagb-infobox-icon-above-title uagb-infobox-image-valign-top\"><div class=\"uagb-ifb-content\"><div class=\"uagb-ifb-title-wrap\"><h3 class=\"uagb-ifb-title\">98%<\/h3><\/div><p class=\"uagb-ifb-desc\">Un \u00edndice de satisfacci\u00f3n del cliente del 98%<\/p><\/div><\/div>\n\n\n\n<div class=\"wp-block-uagb-info-box uagb-block-72iuwcmo uagb-infobox__content-wrap  uagb-infobox-icon-above-title uagb-infobox-image-valign-top\"><div class=\"uagb-ifb-content\"><div class=\"uagb-ifb-title-wrap\"><h3 class=\"uagb-ifb-title\">3+<\/h3><\/div><p class=\"uagb-ifb-desc\">Con m\u00e1s de 3 a\u00f1os de experiencia en el sector<\/p><\/div><\/div>\n<\/div>\n<\/div><\/div>\n\n\n\n<div class=\"wp-block-uagb-container uagb-block-ynbhsoui alignfull uagb-is-root-container\"><div class=\"uagb-container-inner-blocks-wrap\">\n<div class=\"wp-block-uagb-info-box uagb-block-rmtexmd5 uagb-infobox__content-wrap  uagb-infobox-icon-above-title uagb-infobox-image-valign-top\"><div class=\"uagb-ifb-content\"><div class=\"uagb-ifb-title-wrap\"><h2 class=\"uagb-ifb-title\">Vea nuestras ofertas<\/h2><\/div><\/div><\/div>\n\n\n\n<div class=\"wp-block-uagb-buttons uagb-buttons__outer-wrap uagb-btn__default-btn uagb-btn-tablet__default-btn uagb-btn-mobile__default-btn uagb-block-06c19288\"><div class=\"uagb-buttons__wrap uagb-buttons-layout-wrap\">\n<div class=\"wp-block-uagb-buttons-child uagb-buttons__outer-wrap uagb-block-76ebc054 wp-block-button\"><div class=\"uagb-button__wrapper\"><a class=\"uagb-buttons-repeater wp-block-button__link\" aria-label=\"\" href=\"https:\/\/licenciastereo.com\/en\/tienda\/\" rel=\"follow noopener\" target=\"_self\" role=\"button\"><div class=\"uagb-button__link\">Ir a la tienda<\/div><\/a><\/div><\/div>\n<\/div><\/div>\n<\/div><\/div>","protected":false},"excerpt":{"rendered":"","protected":false},"author":1,"featured_media":0,"parent":0,"menu_order":0,"comment_status":"closed","ping_status":"closed","template":"","meta":{"_uag_custom_page_level_css":"","footnotes":""},"class_list":["post-43","page","type-page","status-publish","hentry","thunk-woo-product-list","opn-qv-enable","big-store-woo-hover-zoom","open-single-product-tab-horizontal","open-shadow-","open-shadow-hover-"],"yoast_head":"<!-- This site is optimized with the Yoast SEO plugin v27.3 - https:\/\/yoast.com\/product\/yoast-seo-wordpress\/ -->\n<title>Sobre Nosotros<\/title>\n<meta name=\"robots\" content=\"index, follow, max-snippet:-1, max-image-preview:large, max-video-preview:-1\" \/>\n<link rel=\"canonical\" href=\"https:\/\/licenciastereo.com\/en\/sobre-nosotros\/\" \/>\n<meta property=\"og:locale\" content=\"en_US\" \/>\n<meta property=\"og:type\" content=\"article\" \/>\n<meta property=\"og:title\" content=\"Sobre Nosotros\" \/>\n<meta property=\"og:url\" content=\"https:\/\/licenciastereo.com\/en\/sobre-nosotros\/\" \/>\n<meta property=\"og:site_name\" content=\"Licenciastereo\" \/>\n<meta property=\"article:publisher\" content=\"https:\/\/www.facebook.com\/licenciastereo\" \/>\n<meta property=\"article:modified_time\" content=\"2025-11-06T15:26:12+00:00\" \/>\n<meta property=\"og:image\" content=\"https:\/\/licenciastereo.com\/wp-content\/uploads\/2020\/07\/p11-1-1024x400.jpg\" \/>\n<meta name=\"twitter:card\" content=\"summary_large_image\" \/>\n<meta name=\"twitter:label1\" content=\"Est. reading time\" \/>\n\t<meta name=\"twitter:data1\" content=\"2 minutes\" \/>\n<script type=\"application\/ld+json\" class=\"yoast-schema-graph\">{\"@context\":\"https:\\\/\\\/schema.org\",\"@graph\":[{\"@type\":\"WebPage\",\"@id\":\"https:\\\/\\\/licenciastereo.com\\\/sobre-nosotros\\\/\",\"url\":\"https:\\\/\\\/licenciastereo.com\\\/sobre-nosotros\\\/\",\"name\":\"Sobre Nosotros\",\"isPartOf\":{\"@id\":\"https:\\\/\\\/licenciastereo.com\\\/#website\"},\"primaryImageOfPage\":{\"@id\":\"https:\\\/\\\/licenciastereo.com\\\/sobre-nosotros\\\/#primaryimage\"},\"image\":{\"@id\":\"https:\\\/\\\/licenciastereo.com\\\/sobre-nosotros\\\/#primaryimage\"},\"thumbnailUrl\":\"https:\\\/\\\/licenciastereo.com\\\/wp-content\\\/uploads\\\/2020\\\/07\\\/p11-1-1024x400.jpg\",\"datePublished\":\"2017-12-17T10:06:43+00:00\",\"dateModified\":\"2025-11-06T15:26:12+00:00\",\"breadcrumb\":{\"@id\":\"https:\\\/\\\/licenciastereo.com\\\/sobre-nosotros\\\/#breadcrumb\"},\"inLanguage\":\"en-US\",\"potentialAction\":[{\"@type\":\"ReadAction\",\"target\":[\"https:\\\/\\\/licenciastereo.com\\\/sobre-nosotros\\\/\"]}]},{\"@type\":\"ImageObject\",\"inLanguage\":\"en-US\",\"@id\":\"https:\\\/\\\/licenciastereo.com\\\/sobre-nosotros\\\/#primaryimage\",\"url\":\"https:\\\/\\\/licenciastereo.com\\\/wp-content\\\/uploads\\\/2020\\\/07\\\/p11-1-1024x400.jpg\",\"contentUrl\":\"https:\\\/\\\/licenciastereo.com\\\/wp-content\\\/uploads\\\/2020\\\/07\\\/p11-1-1024x400.jpg\"},{\"@type\":\"BreadcrumbList\",\"@id\":\"https:\\\/\\\/licenciastereo.com\\\/sobre-nosotros\\\/#breadcrumb\",\"itemListElement\":[{\"@type\":\"ListItem\",\"position\":1,\"name\":\"Inicio\",\"item\":\"https:\\\/\\\/licenciastereo.com\\\/\"},{\"@type\":\"ListItem\",\"position\":2,\"name\":\"Sobre Nosotros\"}]},{\"@type\":\"WebSite\",\"@id\":\"https:\\\/\\\/licenciastereo.com\\\/#website\",\"url\":\"https:\\\/\\\/licenciastereo.com\\\/\",\"name\":\"Licenciastereo\",\"description\":\"Todo tipo de licencias\",\"publisher\":{\"@id\":\"https:\\\/\\\/licenciastereo.com\\\/#organization\"},\"potentialAction\":[{\"@type\":\"SearchAction\",\"target\":{\"@type\":\"EntryPoint\",\"urlTemplate\":\"https:\\\/\\\/licenciastereo.com\\\/?s={search_term_string}\"},\"query-input\":{\"@type\":\"PropertyValueSpecification\",\"valueRequired\":true,\"valueName\":\"search_term_string\"}}],\"inLanguage\":\"en-US\"},{\"@type\":\"Organization\",\"@id\":\"https:\\\/\\\/licenciastereo.com\\\/#organization\",\"name\":\"Licenciastereo\",\"url\":\"https:\\\/\\\/licenciastereo.com\\\/\",\"logo\":{\"@type\":\"ImageObject\",\"inLanguage\":\"en-US\",\"@id\":\"https:\\\/\\\/licenciastereo.com\\\/#\\\/schema\\\/logo\\\/image\\\/\",\"url\":\"https:\\\/\\\/licenciastereo.com\\\/wp-content\\\/uploads\\\/2024\\\/07\\\/El-texto-del-parrafo-6.png\",\"contentUrl\":\"https:\\\/\\\/licenciastereo.com\\\/wp-content\\\/uploads\\\/2024\\\/07\\\/El-texto-del-parrafo-6.png\",\"width\":500,\"height\":500,\"caption\":\"Licenciastereo\"},\"image\":{\"@id\":\"https:\\\/\\\/licenciastereo.com\\\/#\\\/schema\\\/logo\\\/image\\\/\"},\"sameAs\":[\"https:\\\/\\\/www.facebook.com\\\/licenciastereo\",\"https:\\\/\\\/www.instagram.com\\\/licenciastereo\\\/\"]}]}<\/script>\n<!-- \/ Yoast SEO plugin. -->","yoast_head_json":{"title":"Sobre Nosotros","robots":{"index":"index","follow":"follow","max-snippet":"max-snippet:-1","max-image-preview":"max-image-preview:large","max-video-preview":"max-video-preview:-1"},"canonical":"https:\/\/licenciastereo.com\/en\/sobre-nosotros\/","og_locale":"en_US","og_type":"article","og_title":"Sobre Nosotros","og_url":"https:\/\/licenciastereo.com\/en\/sobre-nosotros\/","og_site_name":"Licenciastereo","article_publisher":"https:\/\/www.facebook.com\/licenciastereo","article_modified_time":"2025-11-06T15:26:12+00:00","og_image":[{"url":"https:\/\/licenciastereo.com\/wp-content\/uploads\/2020\/07\/p11-1-1024x400.jpg","type":"","width":"","height":""}],"twitter_card":"summary_large_image","twitter_misc":{"Est. reading time":"2 minutes"},"schema":{"@context":"https:\/\/schema.org","@graph":[{"@type":"WebPage","@id":"https:\/\/licenciastereo.com\/sobre-nosotros\/","url":"https:\/\/licenciastereo.com\/sobre-nosotros\/","name":"Sobre Nosotros","isPartOf":{"@id":"https:\/\/licenciastereo.com\/#website"},"primaryImageOfPage":{"@id":"https:\/\/licenciastereo.com\/sobre-nosotros\/#primaryimage"},"image":{"@id":"https:\/\/licenciastereo.com\/sobre-nosotros\/#primaryimage"},"thumbnailUrl":"https:\/\/licenciastereo.com\/wp-content\/uploads\/2020\/07\/p11-1-1024x400.jpg","datePublished":"2017-12-17T10:06:43+00:00","dateModified":"2025-11-06T15:26:12+00:00","breadcrumb":{"@id":"https:\/\/licenciastereo.com\/sobre-nosotros\/#breadcrumb"},"inLanguage":"en-US","potentialAction":[{"@type":"ReadAction","target":["https:\/\/licenciastereo.com\/sobre-nosotros\/"]}]},{"@type":"ImageObject","inLanguage":"en-US","@id":"https:\/\/licenciastereo.com\/sobre-nosotros\/#primaryimage","url":"https:\/\/licenciastereo.com\/wp-content\/uploads\/2020\/07\/p11-1-1024x400.jpg","contentUrl":"https:\/\/licenciastereo.com\/wp-content\/uploads\/2020\/07\/p11-1-1024x400.jpg"},{"@type":"BreadcrumbList","@id":"https:\/\/licenciastereo.com\/sobre-nosotros\/#breadcrumb","itemListElement":[{"@type":"ListItem","position":1,"name":"Inicio","item":"https:\/\/licenciastereo.com\/"},{"@type":"ListItem","position":2,"name":"Sobre Nosotros"}]},{"@type":"WebSite","@id":"https:\/\/licenciastereo.com\/#website","url":"https:\/\/licenciastereo.com\/","name":"Licenciastereo","description":"Todo tipo de licencias","publisher":{"@id":"https:\/\/licenciastereo.com\/#organization"},"potentialAction":[{"@type":"SearchAction","target":{"@type":"EntryPoint","urlTemplate":"https:\/\/licenciastereo.com\/?s={search_term_string}"},"query-input":{"@type":"PropertyValueSpecification","valueRequired":true,"valueName":"search_term_string"}}],"inLanguage":"en-US"},{"@type":"Organization","@id":"https:\/\/licenciastereo.com\/#organization","name":"Licenciastereo","url":"https:\/\/licenciastereo.com\/","logo":{"@type":"ImageObject","inLanguage":"en-US","@id":"https:\/\/licenciastereo.com\/#\/schema\/logo\/image\/","url":"https:\/\/licenciastereo.com\/wp-content\/uploads\/2024\/07\/El-texto-del-parrafo-6.png","contentUrl":"https:\/\/licenciastereo.com\/wp-content\/uploads\/2024\/07\/El-texto-del-parrafo-6.png","width":500,"height":500,"caption":"Licenciastereo"},"image":{"@id":"https:\/\/licenciastereo.com\/#\/schema\/logo\/image\/"},"sameAs":["https:\/\/www.facebook.com\/licenciastereo","https:\/\/www.instagram.com\/licenciastereo\/"]}]}},"uagb_featured_image_src":{"full":false,"thumbnail":false,"medium":false,"medium_large":false,"large":false,"1536x1536":false,"2048x2048":false,"trp-custom-language-flag":false,"woocommerce_thumbnail":false,"woocommerce_single":false,"woocommerce_gallery_thumbnail":false,"thaps-thumb-img":false,"taiowc-thumb-img":false},"uagb_author_info":{"display_name":"stereo","author_link":"https:\/\/licenciastereo.com\/en\/author\/stereo\/"},"uagb_comment_info":0,"uagb_excerpt":null,"_links":{"self":[{"href":"https:\/\/licenciastereo.com\/en\/wp-json\/wp\/v2\/pages\/43","targetHints":{"allow":["GET"]}}],"collection":[{"href":"https:\/\/licenciastereo.com\/en\/wp-json\/wp\/v2\/pages"}],"about":[{"href":"https:\/\/licenciastereo.com\/en\/wp-json\/wp\/v2\/types\/page"}],"author":[{"embeddable":true,"href":"https:\/\/licenciastereo.com\/en\/wp-json\/wp\/v2\/users\/1"}],"replies":[{"embeddable":true,"href":"https:\/\/licenciastereo.com\/en\/wp-json\/wp\/v2\/comments?post=43"}],"version-history":[{"count":3,"href":"https:\/\/licenciastereo.com\/en\/wp-json\/wp\/v2\/pages\/43\/revisions"}],"predecessor-version":[{"id":9717,"href":"https:\/\/licenciastereo.com\/en\/wp-json\/wp\/v2\/pages\/43\/revisions\/9717"}],"wp:attachment":[{"href":"https:\/\/licenciastereo.com\/en\/wp-json\/wp\/v2\/media?parent=43"}],"curies":[{"name":"wp","href":"https:\/\/api.w.org\/{rel}","templated":true}]}}